{"id":3872,"date":"2024-02-07T20:47:58","date_gmt":"2024-02-07T18:47:58","guid":{"rendered":"https:\/\/www.soukup.de\/selbst-denken\/?page_id=3872"},"modified":"2026-02-23T22:40:19","modified_gmt":"2026-02-23T20:40:19","slug":"2-5-2-die-seienden-sind-widerspruechlich","status":"publish","type":"page","link":"https:\/\/www.soukup.de\/selbst-denken\/buch\/1-der-traditionelle-ansatz-ta\/2-6\/2-5-2-die-seienden-sind-widerspruechlich\/","title":{"rendered":"3.4.2.  Das Konzept der philosophischen Seienden widerspricht unserem Leben"},"content":{"rendered":"<p style=\"text-align: justify;\">Der physikalische Kosmos besteht aus diskreten Seienden; sie sind also getrennt oder unabh\u00e4ngig voneinander. (Felder und \u00e4hnliches vernachl\u00e4ssigen wir der Einfachheit halber, damit das entscheidende Ergebnis m\u00f6glichst deutlich hervortritt.)<\/p>\n<p class=\"Indent\" style=\"text-align: justify;\">Als Subjekte geh\u00f6ren wir selbst diesen Seienden an, was Probleme mit sich bringt, die jedoch \u2013 f\u00fcr mich unverst\u00e4ndlicherweise \u2013 weitestgehend \u00fcbersehen werden.<\/p>\n<p>&nbsp;<\/p>\n<p style=\"text-align: justify;\">Um sie zu verstehen, f\u00fchren wir den Begriff der Relation oder Beziehung ein und unterscheiden zwischen realen sowie konstruierten Relationen.<\/p>\n<p class=\"Indent\" style=\"text-align: justify;\"><em>Das &#8222;real&#8220; soll anzeigen, da\u00df die ersteren Beziehungen tats\u00e4chlich existieren<\/em>; zum Beispiel die wechselseitige Anziehung von Erde und Mond.<\/p>\n<p class=\"Indent\" style=\"text-align: justify;\"><em>Ihr Gr\u00f6\u00dfenverh\u00e4ltnis gilt dagegen als nur konstruiert<\/em>, denn es kommt den beiden K\u00f6rpern nicht wirklich zu und ber\u00fchrt sie gar nicht, sondern wird lediglich von au\u00dfen an sie herangetragen.<\/p>\n<p class=\"Indent\" style=\"text-align: justify;\">Da\u00df Seiende diskret oder unabh\u00e4ngig voneinander sind, bedeutet, da\u00df zwischen ihnen <em>beliebig viele konstruierte Relationen bestehen k\u00f6nnen, aber keine realen<\/em>; dann w\u00e4ren sie ja nicht mehr getrennt voneinander.\u00a0<\/p>\n<p>&nbsp;<\/p>\n<p>Nach diesen begrifflichen Klarstellungen kommen wir endlich zur Sache:<\/p>\n<p class=\"Indent\">Erde und Mond sind<\/p>\n<p class=\"Indent\">&#8211; <em>physikalische<\/em> Seiende, aber<\/p>\n<p class=\"Indent\">&#8211; <em>keine philosophischen<\/em>.<\/p>\n<p class=\"Indent\" style=\"text-align: justify;\">Die Massenanziehung verhindert, da\u00df die beiden unabh\u00e4ngig voneinander und damit philosophische Seiende sind.\u00a0<\/p>\n<p class=\"Indent\" style=\"text-align: justify;\">Wegen der Wechselwirkung zwischen Erde und Mond haben wir philosophisch nicht zwei oder drei Seiende vorliegen, sondern genau ein Seiendes, n\u00e4mlich die Einheit von allem\u00a0 \u2013 { Erde + Wechselwirkung + Mond }.<\/p>\n<p>&nbsp;<\/p>\n<p style=\"text-align: justify;\">Das hat sehr viel mit uns als den traditionellen Subjekten zu tun, weil es \u2013 physikalisch \u2013 keine Sinneswahrnehmung ohne Wechselwirkung gibt; wir m\u00fcssen uns also entscheiden:<\/p>\n<p class=\"Indent\" style=\"text-align: justify;\">Die Tradition versteht uns als philosophische Seiende; dann mu\u00df sie alle Wechselwirkungen und damit auch Wahrnehmungen streichen, und wir w\u00e4ren <em>blind, taub, geh\u00f6r- sowie tastlos. <\/em><\/p>\n<p class=\"Indent\" style=\"text-align: justify;\">Insbesondere h\u00e4tten wir also auch keinen Zugang zu unseren Mit-Subjekten \u2013 und w\u00fcrden ganz allein oder perfekt isoliert leben. &#8222;Leben&#8220; ist gut; wir k\u00f6nnten weder essen noch trinken oder uns setzen . . .\u00a0<\/p>\n<p class=\"Indent\" style=\"text-align: justify;\">Zwischen<\/p>\n<p class=\"Indent\"><em>&#8211; dieser Isolation von meinen Mit-Subjekten und <\/em><\/p>\n<p class=\"Indent\"><em>&#8211; deren Nicht-Existenz<\/em><\/p>\n<p class=\"Indent\">besteht nat\u00fcrlich kein Unterschied, der einen Unterschied macht.<\/p>\n<p>&nbsp;<\/p>\n<p>Theoretisch macht die Tradition uns also zu Solipsisten, was sie jedoch praktisch dann gleich wieder vergi\u00dft.<\/p>\n<p class=\"Indent\" style=\"text-align: justify;\">&#8222;Solipsismus&#8220; kommt von &#8222;solus&#8220;, &#8222;allein&#8220; und bezeichnet eine philosophische Richtung, in der <em>ich mich als einziges Subjekt \u00fcberhaupt<\/em> verstehe; w\u00e4re ich Solipsist, w\u00fcrde ich also auch Ihre Existenz bestreiten. Nein; ich k\u00f6nnte sie nicht einmal bestreiten; was es logischerweise gar nicht geben kann, l\u00e4\u00dft sich auch nicht bestreiten.<\/p>\n<p class=\"Indent\" style=\"text-align: justify;\">Das erscheint Ihnen gewi\u00df als absurd; soweit ich wei\u00df, gibt es jedoch bisher <em>innerhalb des traditionellen Denkens kein \u00fcberzeugendes Argument gegen den Solipsismus<\/em>.<\/p>\n<p>&nbsp;<\/p>\n<p style=\"text-align: justify;\">Die gro\u00dfen traditionellen Denker in Antike und Mittelalter haben dieses Problem ihrer Philosophie nat\u00fcrlich ebenfalls erkannt. Um es zu l\u00f6sen, erfanden sie den Nous. Er ist kein Seiendes und folglich auch nicht wie wir mit Blindheit geschlagen; da der Nous also nicht zur Welt geh\u00f6rt, kann er sie von au\u00dfen schauen, so da\u00df alles rund und stimmig wird.<\/p>\n<p>&nbsp;<\/p>\n<p style=\"text-align: justify;\">Wir haben in diesem Abschnitt <em>zwei Arten von Seienden <\/em>unterschieden<em>; die philosophischen und die physikalischen<\/em>.<\/p>\n<p class=\"Indent\" style=\"text-align: justify;\">Analog dazu hatten wir im ersten Teil bereits von <em>bestimmten bzw. unbestimmten Seienden<\/em> gesprochen.<\/p>\n<p class=\"Indent\" style=\"text-align: justify;\">Versuchen Sie sich bitte zu verdeutlichen, da\u00df diese beiden Einteilungen \u00fcbereinstimmen; <em>die philosophischen sind die bestimmten, und die physikalischen die unbestimmten Seienden<\/em>.<\/p>\n","protected":false},"excerpt":{"rendered":"<p>Der physikalische Kosmos besteht aus diskreten Seienden; sie sind also getrennt oder unabh\u00e4ngig voneinander. (Felder und \u00e4hnliches vernachl\u00e4ssigen wir der Einfachheit halber, damit das entscheidende Ergebnis m\u00f6glichst deutlich hervortritt.) Als Subjekte geh\u00f6ren wir selbst diesen Seienden an, was Probleme mit sich bringt, die jedoch \u2013 f\u00fcr mich unverst\u00e4ndlicherweise \u2013 weitestgehend \u00fcbersehen werden. &nbsp; Um sie [&hellip;]<\/p>\n","protected":false},"author":1,"featured_media":0,"parent":3875,"menu_order":2,"comment_status":"closed","ping_status":"closed","template":"","meta":{"footnotes":"","_links_to":"","_links_to_target":""},"class_list":["post-3872","page","type-page","status-publish","hentry"],"_links":{"self":[{"href":"https:\/\/www.soukup.de\/selbst-denken\/wp-json\/wp\/v2\/pages\/3872","targetHints":{"allow":["GET"]}}],"collection":[{"href":"https:\/\/www.soukup.de\/selbst-denken\/wp-json\/wp\/v2\/pages"}],"about":[{"href":"https:\/\/www.soukup.de\/selbst-denken\/wp-json\/wp\/v2\/types\/page"}],"author":[{"embeddable":true,"href":"https:\/\/www.soukup.de\/selbst-denken\/wp-json\/wp\/v2\/users\/1"}],"replies":[{"embeddable":true,"href":"https:\/\/www.soukup.de\/selbst-denken\/wp-json\/wp\/v2\/comments?post=3872"}],"version-history":[{"count":0,"href":"https:\/\/www.soukup.de\/selbst-denken\/wp-json\/wp\/v2\/pages\/3872\/revisions"}],"up":[{"embeddable":true,"href":"https:\/\/www.soukup.de\/selbst-denken\/wp-json\/wp\/v2\/pages\/3875"}],"wp:attachment":[{"href":"https:\/\/www.soukup.de\/selbst-denken\/wp-json\/wp\/v2\/media?parent=3872"}],"curies":[{"name":"wp","href":"https:\/\/api.w.org\/{rel}","templated":true}]}}