{"id":4128,"date":"2025-03-31T16:58:14","date_gmt":"2025-03-31T14:58:14","guid":{"rendered":"https:\/\/www.soukup.de\/selbst-denken\/?page_id=4128"},"modified":"2026-02-25T10:44:15","modified_gmt":"2026-02-25T08:44:15","slug":"2-4-2","status":"publish","type":"page","link":"https:\/\/www.soukup.de\/selbst-denken\/buch\/1-der-traditionelle-ansatz-ta\/2-6\/2-4-2\/","title":{"rendered":"3.4.1.  Seiende statt Wissen so far und Wissen from now on"},"content":{"rendered":"<p style=\"text-align: justify;\">Ein Schulanf\u00e4nger kann nach f\u00fcnf Wochen sagen, er w\u00fc\u00dfte jetzt, da\u00df 2 x 3 gleich 6 ist.<\/p>\n<p class=\"Indent\" style=\"text-align: justify;\">Josef Mitterer nennt dies &#8222;Wissen so far&#8220; und meint damit ganz allgemein <em>das Wissen, das wir als Resultat unseres bisherigen Lebens bereits besitzen<\/em>. Wir freuen uns mit dem Erstkl\u00e4ssler \u00fcber seine Fortschritte, haben aber zugleich im Hinterkopf, da\u00df es in diesem Zusammenhang noch sehr viel mehr zu wissen gibt, was dem Knirps wahrscheinlich nicht so klar ist.<\/p>\n<p class=\"Indent\" style=\"text-align: justify;\">Er wird weiter lernen, und damit kommt zu seinem Wissen so far das <em>Wissen from now on<\/em> hinzu. Diese Entwicklung ist nahezu selbstverst\u00e4ndlich und setzt sich im allgemeinen in den ersten Jahrzehnten unseres Lebens kontinuierlich fort.<\/p>\n<p class=\"Indent\" style=\"text-align: justify;\">Wahrscheinlich k\u00e4me kein Mathematiker auf die absurde Idee, <em>das Wissen from now on<\/em> <em>durch einen Referenten zu ersetzen, auf den sich das Wissen so far angeblich bezieht<\/em>.\u00a0\u00a0<\/p>\n<p>&nbsp;<\/p>\n<p>Dieser Gedanke ist absurd, weil widerspr\u00fcchlich:<\/p>\n<p class=\"Indent\" style=\"text-align: justify;\">Das Wissen from now on wissen wir noch nicht; es <em>wird einmal zum Wissen so far werden<\/em>, aber noch wei\u00df niemand, <em>worin<\/em> es bestehen k\u00f6nnte.<\/p>\n<p class=\"Indent\" style=\"text-align: justify;\">Ein solches Nicht-Wissen ersetzt die Tradition durch Seiende, von denen wir \u2013 so far \u2013 wissen, und auf die sich auch weiteres Wissen \u2013 from now on \u2013 beziehen kann.<\/p>\n<p>&nbsp;<\/p>\n<p>Nochmals in anderen Worten, weil der Gedanke vielleicht schwierig ist:<\/p>\n<p class=\"Indent\" style=\"text-align: justify;\">Die Unterscheidung zwischen Wissen so far und Wissen from now on bildet eine vollst\u00e4ndige Alternative, so da\u00df das Seiende, welches die Tradition einf\u00fchrt, einer der beiden Seiten angeh\u00f6ren mu\u00df, um verst\u00e4ndlich sein zu k\u00f6nnen.<\/p>\n<p class=\"Indent\" style=\"text-align: justify;\">W\u00fcrde es zum Wissen so far z\u00e4hlen, <em>lie\u00dfe es sich nicht einf\u00fchren, denn dann w\u00e4re es notwendigerweise bereits vorhanden<\/em>.\u00a0 \u00a0<\/p>\n<p class=\"Indent\" style=\"text-align: justify;\">L\u00e4ge das Seiende im Wissen from now on, w\u00fc\u00dften wir nicht, worin es besteht, denn das Wissen from now on ist ja noch nicht.<\/p>\n<p>&nbsp;<\/p>\n<p>Seiende<\/p>\n<p class=\"Indent\">&#8211; werden also erfunden und lediglich<\/p>\n<p class=\"Indent\">&#8211; als etwas Bestimmtes behauptet.<\/p>\n<p class=\"Indent\" style=\"text-align: justify;\">Damit wird der Forschung eine bestimmte Richtung vorgegeben; h\u00e4tten wir uns differente Seiende ausgedacht, w\u00fcrden sich ganz andere Fragen ergeben, die wir beantworten &#8222;m\u00fc\u00dften&#8220;.\u00a0 \u00a0<\/p>\n<p>&nbsp;<\/p>\n<p style=\"text-align: justify;\">Corona beispielsweise ist uns seit 2019 bekannt; <em>postmodern wurde es zu dieser Zeit er- und traditionell gefunden<\/em>. Letzteres meint nat\u00fcrlich, da\u00df schon vor 2019 Menschen an Corona erkrankt gewesen sein k\u00f6nnten, was lediglich niemand wu\u00dfte.<\/p>\n<p class=\"Indent\" style=\"text-align: justify;\">F\u00fcr uns gibt es dagegen keine \u2013 &#8222;schon immer&#8220; existierenden \u2013 Seienden, sondern an deren Stelle treten Aktanten, die irgendwann einmal erfunden wurden. Das ist ganz sauber gedacht, denn die &#8222;Seienden&#8220; bzw. Aktanten geh\u00f6ren f\u00fcr uns dem <em>postmodernen<\/em> Kosmos an, und <em>der ist kein Referent von Wissungen, sondern besteht aus ihnen<\/em>.<\/p>\n<p class=\"Indent\" style=\"text-align: justify;\">Dann war nat\u00fcrlich vor 2019 niemand an Corona erkrankt. Wir erfinden diese Viren ebenso wie Fake-News, Higgs-Teilchen oder das Internet mit dem dazu passenden Laptop.\u00a0\u00a0<\/p>\n<p>&nbsp;<\/p>\n<p style=\"text-align: justify;\">Da\u00df 2 x 3 gleich 6 ist, geh\u00f6rt zur Arithmetik, stellt <em>aber kein Wissen von ihr<\/em> \u2013 oder von wem auch immer \u2013 dar.\u00a0<\/p>\n<p class=\"Indent\" style=\"text-align: justify;\">Lichtstrahlen oder die Bahnkurven der Himmelsk\u00f6rper sind mitunter gekr\u00fcmmt; es m\u00fcssen also Kr\u00e4fte auf sie einwirken, auch wenn wir deren Ursache nicht finden. Anders als die Mathematiker f\u00e4llt den Physikern in solchen Situationen stets etwas ein:<\/p>\n<p class=\"Indent\" style=\"text-align: justify;\"><em>Hier m\u00fcssen Seiende existieren<\/em>; in diesem speziellen Fall nennen wir sie &#8222;Schwarze L\u00f6cher&#8220;.<\/p>\n<p class=\"Indent\" style=\"text-align: justify;\">Die gekr\u00fcmmten Bahnen mutieren damit <em>vom Wissen so far zu Eigenschaften oder Wirkungen der Schwarzen L\u00f6cher<\/em>, und beim Wissen from now on m\u00fcssen wir einmal schauen, was sich davon gutwillig als Wissen von ihnen bzw. einer anderen Erfindung verstehen l\u00e4\u00dft.<\/p>\n<p>&nbsp;<\/p>\n<p style=\"text-align: justify;\">Die Tradition erfindet Schwarze L\u00f6cher, um die gekr\u00fcmmten Bahnen verschiedener kosmischer Objekte zu erkl\u00e4ren.<\/p>\n<p class=\"Indent\" style=\"text-align: justify;\">Und nicht selten werden drei Seiten sp\u00e4ter diese gekr\u00fcmmten Bahnen als &#8222;Beweis&#8220; f\u00fcr die (Existenz der) Schwarzen L\u00f6cher benutzt. &#8222;Wir m\u00fcssen also alles daransetzen, um sie immer besser zu verstehen.&#8220;\u00a0 \u00a0 \u00a0<\/p>\n","protected":false},"excerpt":{"rendered":"<p>Ein Schulanf\u00e4nger kann nach f\u00fcnf Wochen sagen, er w\u00fc\u00dfte jetzt, da\u00df 2 x 3 gleich 6 ist. Josef Mitterer nennt dies &#8222;Wissen so far&#8220; und meint damit ganz allgemein das Wissen, das wir als Resultat unseres bisherigen Lebens bereits besitzen. Wir freuen uns mit dem Erstkl\u00e4ssler \u00fcber seine Fortschritte, haben aber zugleich im Hinterkopf, da\u00df [&hellip;]<\/p>\n","protected":false},"author":1,"featured_media":0,"parent":3875,"menu_order":1,"comment_status":"closed","ping_status":"closed","template":"","meta":{"footnotes":"","_links_to":"","_links_to_target":""},"class_list":["post-4128","page","type-page","status-publish","hentry"],"_links":{"self":[{"href":"https:\/\/www.soukup.de\/selbst-denken\/wp-json\/wp\/v2\/pages\/4128","targetHints":{"allow":["GET"]}}],"collection":[{"href":"https:\/\/www.soukup.de\/selbst-denken\/wp-json\/wp\/v2\/pages"}],"about":[{"href":"https:\/\/www.soukup.de\/selbst-denken\/wp-json\/wp\/v2\/types\/page"}],"author":[{"embeddable":true,"href":"https:\/\/www.soukup.de\/selbst-denken\/wp-json\/wp\/v2\/users\/1"}],"replies":[{"embeddable":true,"href":"https:\/\/www.soukup.de\/selbst-denken\/wp-json\/wp\/v2\/comments?post=4128"}],"version-history":[{"count":0,"href":"https:\/\/www.soukup.de\/selbst-denken\/wp-json\/wp\/v2\/pages\/4128\/revisions"}],"up":[{"embeddable":true,"href":"https:\/\/www.soukup.de\/selbst-denken\/wp-json\/wp\/v2\/pages\/3875"}],"wp:attachment":[{"href":"https:\/\/www.soukup.de\/selbst-denken\/wp-json\/wp\/v2\/media?parent=4128"}],"curies":[{"name":"wp","href":"https:\/\/api.w.org\/{rel}","templated":true}]}}