{"id":4325,"date":"2025-12-23T11:55:28","date_gmt":"2025-12-23T09:55:28","guid":{"rendered":"https:\/\/www.soukup.de\/selbst-denken\/?page_id=4325"},"modified":"2026-03-09T14:11:44","modified_gmt":"2026-03-09T12:11:44","slug":"1-1-2-wirklichkeit-und-wissen","status":"publish","type":"page","link":"https:\/\/www.soukup.de\/selbst-denken\/buch\/2-hinfuehrung-zum-thema\/1-1-2-wirklichkeit-und-wissen\/","title":{"rendered":"2.4.  Das traditionelle &#8222;Minisystem der Wissungen&#8220; aus (Nicht-)Seienden und (In-)Existenz"},"content":{"rendered":"<p style=\"text-align: justify;\">Mein Leben gibt es nat\u00fcrlich sowohl traditionell als auch postmodern; aber zwischen den beiden Sichtweisen besteht eine fundamentale Diskrepanz.<\/p>\n<p>&nbsp;<\/p>\n<p style=\"text-align: justify;\">Traditionell ist mein Leben \u2013 entgegen dem in der \u00d6ffentlichkeit h\u00e4ufig aufgesetztem Pathos \u2013 <em>ausgesprochen bedeutungslos<\/em>. Letztlich dreht sich alles<\/p>\n<p class=\"Indent\" style=\"text-align: justify;\">&#8211; um die objektive Realit\u00e4t des physikalischen Kosmos,<\/p>\n<p class=\"Indent\" style=\"text-align: justify;\">&#8211; in der wir pure Nichtse sind,<\/p>\n<p class=\"Indent\" style=\"text-align: justify;\">&#8211; deren Aufgabe darin besteht, das zu erkennen und<\/p>\n<p class=\"Indent\" style=\"text-align: justify;\">&#8211; die uns zu <em>Sklaven des Wissens<\/em> macht.<\/p>\n<p>&nbsp;<\/p>\n<p>Die \u2013 oder zumindest <em>unsere<\/em> Postmoderne \u2013 ist dagegen eine Philosophie der Freiheit.<\/p>\n<p class=\"Indent\">Wir sollen<\/p>\n<p class=\"Indent\" style=\"text-align: justify;\">&#8211; nichts <em>angeblich<\/em> Vorgegebenes ad\u00e4quat repr\u00e4sentieren, sondern<\/p>\n<p class=\"Indent\">&#8211; <em>kreativ und eigenverantwortlich ein wahres Leben f\u00fchren<\/em><\/p>\n<p class=\"Indent\">&#8211; innerhalb eines Freiraums, der <em>nicht unn\u00f6tig<\/em> durch irgendwelche Vorgaben eingeengt wird.\u00a0<\/p>\n<p>&nbsp;<\/p>\n<p style=\"text-align: justify;\">AD: &#8222;Das kommt nicht zuletzt darin zum Ausdruck, da\u00df f\u00fcr uns keine Referenten existieren, von denen es zu wissen gelten k\u00f6nnte.&#8220;<\/p>\n<p class=\"Indent\">Und da\u00df insbesondere unser Leben keinen solchen Referenten darstellt.<\/p>\n<p class=\"Indent\" style=\"text-align: justify;\">Im krassen Gegensatz dazu setzt die Tradition voraus, da\u00df <em>s\u00e4mtliche Wissungen solche von Seienden darstellen<\/em><em> und diese somit die Gewu\u00dften bilden<\/em>.<\/p>\n<p class=\"Indent\" style=\"text-align: justify;\">Wir wissen das schon lange, m\u00fcssen es aber m\u00f6glicherweise noch etwas besser verstehen.<\/p>\n<p>&nbsp;<\/p>\n<p style=\"text-align: justify;\">Dazu betrachten wir ein Gespr\u00e4ch, in dem der Arzt seinem Patienten mitteilt &#8222;Sie leiden an Myopie&#8220;.<\/p>\n<p class=\"Indent\" style=\"text-align: justify;\">Myopie ist eine Wissung des Arztes und eventuell auch des Patienten. Das von oder mit dieser Wissung Gewu\u00dfte besteht in dem <em>Seienden namens &#8222;Myopie&#8220;<\/em>.<\/p>\n<p>&nbsp;<\/p>\n<p style=\"text-align: justify;\"><span style=\"color: #ff0000;\">Teilt der Patient tats\u00e4chlich das Wissen seines Arztes, k\u00f6nnte der Dialog beendet sein.\u00a0\u00a0<\/span><\/p>\n<p>&nbsp;<\/p>\n<p><span style=\"color: #bd8700;\"><span style=\"color: #0000ff;\">Andernfalls versteht der Patient den Arzt nicht.<\/span><\/span><\/p>\n<p class=\"Indent\"><span style=\"color: #0000ff;\"><em>Einerseits fehlt ihm dann jegliche Diagnose und er h\u00e4tte sich den Arztbesuch ersparen k\u00f6nnen.<\/em><\/span><\/p>\n<p class=\"Indent\" style=\"text-align: justify;\"><span style=\"color: #0000ff;\"><em>Andererseits wei\u00df der Patient aber nat\u00fcrlich trotzdem, da\u00df er an einem Seienden namens &#8222;Myopie&#8220; erkrankt ist; das hat der Arzt ihm doch gesagt!<\/em> <\/span><\/p>\n<p class=\"Indent\" style=\"text-align: justify;\"><span style=\"color: #0000ff;\">Wenn der Patient<\/span><\/p>\n<p class=\"Indent\" style=\"text-align: justify;\"><span style=\"color: #0000ff;\">&#8211; etwas gesagt bekommt, <\/span><\/p>\n<p class=\"Indent\" style=\"text-align: justify;\"><span style=\"color: #0000ff;\">&#8211; es aber trotzdem nicht wei\u00df, <\/span><\/p>\n<p class=\"Indent\" style=\"text-align: justify;\"><span style=\"color: #0000ff;\">&#8211; mu\u00df der Arzt ihm eine Nicht-Wissung gesagt haben, und die ist belanglos.\u00a0<\/span><\/p>\n<p>&nbsp;<\/p>\n<p>&nbsp;<\/p>\n<table style=\"width: 100%; border-collapse: collapse; height: 216px;\">\n<tbody>\n<tr style=\"height: 24px;\">\n<td style=\"width: 24.96%; text-align: center; height: 24px;\"><strong>\u00a0<\/strong><\/td>\n<td style=\"width: 11.36%; text-align: center; height: 24px; background-color: #fcfccc;\"><strong>Seiendes<\/strong><\/td>\n<td style=\"width: 20%; text-align: center; height: 24px; background-color: #fcfccc;\"><strong>Seiendes<\/strong><\/td>\n<td style=\"width: 17.92%; text-align: center; height: 24px;\">\u00a0<\/td>\n<td style=\"width: 25.76%; text-align: center; height: 24px;\">\u00a0<\/td>\n<\/tr>\n<tr style=\"height: 24px;\">\n<td style=\"width: 24.96%; height: 24px; text-align: center;\"><strong>&#8222;Sie leiden an Myopie.&#8220;<\/strong><\/td>\n<td style=\"width: 11.36%; height: 24px; text-align: center; background-color: #fcfccc;\"><strong>&#8222;Myopie&#8220;<\/strong><\/td>\n<td style=\"width: 20%; height: 24px; text-align: center; background-color: #fcfccc;\"><strong>&#8222;Myopie&#8220;<\/strong><\/td>\n<td style=\"width: 17.92%; text-align: center; height: 24px;\">\u00a0<\/td>\n<td style=\"width: 25.76%; text-align: center; height: 24px;\">\u00a0<\/td>\n<\/tr>\n<tr style=\"height: 24px;\">\n<td style=\"width: 24.96%; text-align: center; height: 24px;\"><span style=\"color: #ff0000;\"><strong>Wissung<\/strong><\/span><\/td>\n<td style=\"width: 11.36%; text-align: center; height: 24px; background-color: #fcfccc;\"><span style=\"color: #ff0000;\"><strong>Gewu\u00dftes<\/strong><\/span><\/td>\n<td style=\"width: 20%; text-align: center; height: 24px; background-color: #fcfccc;\">\u00a0<\/td>\n<td style=\"width: 17.92%; text-align: center; height: 24px;\">\u00a0<\/td>\n<td style=\"width: 25.76%; text-align: center; height: 24px;\">\u00a0<\/td>\n<\/tr>\n<tr style=\"height: 24px;\">\n<td style=\"width: 24.96%; text-align: center; height: 24px;\"><del><span style=\"color: #0000ff;\"><strong>Wissung<\/strong><\/span><\/del><\/td>\n<td style=\"width: 11.36%; text-align: center; height: 24px; background-color: #fcfccc;\">\u00a0<\/td>\n<td style=\"width: 20%; text-align: center; height: 24px; background-color: #fcfccc;\"><del><span style=\"color: #0000ff;\"><strong>Gewu\u00dftes<\/strong><\/span><\/del><\/td>\n<td style=\"width: 17.92%; text-align: center; height: 24px;\">\u00a0<\/td>\n<td style=\"width: 25.76%; text-align: center; height: 24px;\">\u00a0<\/td>\n<\/tr>\n<tr style=\"height: 24px;\">\n<td style=\"width: 24.96%; text-align: center; height: 24px;\">\u00a0<\/td>\n<td style=\"width: 11.36%; height: 24px; text-align: center;\">\u00a0<\/td>\n<td style=\"width: 20%; height: 24px; text-align: center;\"><span style=\"color: #0000ff;\"><strong>\u2193<\/strong><\/span><\/td>\n<td style=\"width: 17.92%; text-align: center; height: 24px;\">\u00a0<\/td>\n<td style=\"width: 25.76%; text-align: center; height: 24px;\">\u00a0<\/td>\n<\/tr>\n<tr>\n<td style=\"width: 24.96%; text-align: center;\"><strong><span style=\"color: #ff0000;\">\u2192<\/span><\/strong><\/td>\n<td style=\"width: 11.36%; text-align: center;\"><span style=\"color: #ff0000;\"><strong>Ende<\/strong><\/span><\/td>\n<td style=\"width: 20%; text-align: center;\"><span style=\"color: #0000ff;\"><strong>&#8222;Was ist Myopie?&#8220;<\/strong><\/span><\/td>\n<td style=\"width: 17.92%; text-align: center;\">\u00a0<\/td>\n<td style=\"width: 25.76%; text-align: center;\">\u00a0<\/td>\n<\/tr>\n<tr style=\"height: 24px;\">\n<td style=\"width: 24.96%; text-align: center; height: 24px;\">\u00a0<\/td>\n<td style=\"width: 11.36%; text-align: center; height: 24px;\">\u00a0<\/td>\n<td style=\"width: 20%; text-align: center; height: 24px;\">\u00a0<\/td>\n<td style=\"width: 17.92%; text-align: center; height: 24px; background-color: #fcfccc;\"><strong>Seiendes<\/strong><\/td>\n<td style=\"width: 25.76%; text-align: center; height: 24px; background-color: #fcfccc;\"><strong>Seiendes<\/strong><\/td>\n<\/tr>\n<tr>\n<td style=\"width: 24.96%; text-align: center;\">\u00a0<\/td>\n<td style=\"width: 11.36%; text-align: center;\">\u00a0<\/td>\n<td style=\"width: 20%; text-align: center;\"><strong>&#8222;Kurzsichtigkeit&#8220;<\/strong><\/td>\n<td style=\"width: 17.92%; text-align: center; background-color: #fcfccc;\"><strong>&#8222;Kurzsichtigkeit&#8220;<\/strong><\/td>\n<td style=\"width: 25.76%; text-align: center; background-color: #fcfccc;\"><strong>&#8222;Kurzsichtigkeit&#8220;<\/strong><\/td>\n<\/tr>\n<tr style=\"height: 24px;\">\n<td style=\"width: 24.96%; text-align: center; height: 24px;\">\u00a0<\/td>\n<td style=\"width: 11.36%; text-align: center; height: 24px;\">\u00a0<\/td>\n<td style=\"width: 20%; text-align: center; height: 24px;\"><span style=\"color: #d69a02;\"><strong>Wissung<\/strong><\/span><\/td>\n<td style=\"width: 17.92%; text-align: center; height: 24px; background-color: #fcfccc;\"><span style=\"color: #d69a02;\"><strong>Gewu\u00dftes<\/strong><\/span><\/td>\n<td style=\"width: 25.76%; text-align: center; height: 24px; background-color: #fcfccc;\">\u00a0<\/td>\n<\/tr>\n<tr style=\"height: 24px;\">\n<td style=\"width: 24.96%; text-align: center; height: 24px;\">\u00a0<\/td>\n<td style=\"width: 11.36%; text-align: center; height: 24px;\">\u00a0<\/td>\n<td style=\"width: 20%; text-align: center;\"><del><span style=\"color: #c900c6;\"><strong>Wissung<\/strong><\/span><\/del><\/td>\n<td style=\"width: 17.92%; text-align: center; background-color: #fcfccc;\">\u00a0<\/td>\n<td style=\"width: 25.76%; text-align: center; background-color: #fcfccc;\"><del><span style=\"color: #c900c6;\"><strong>Gewu\u00dftes<\/strong><\/span><\/del><\/td>\n<\/tr>\n<tr>\n<td style=\"width: 24.96%; text-align: center;\"><strong>\u00a0<\/strong><\/td>\n<td style=\"width: 11.36%; text-align: center;\">\u00a0<\/td>\n<td style=\"width: 20%; text-align: center;\">\u00a0<\/td>\n<td style=\"width: 17.92%; text-align: center;\">\u00a0<\/td>\n<td style=\"width: 25.76%; text-align: center;\"><span style=\"color: #e000d5;\"><strong>\u2193<\/strong><\/span><\/td>\n<\/tr>\n<tr>\n<td style=\"width: 24.96%; text-align: center;\"><strong>\u00a0<\/strong><\/td>\n<td style=\"width: 11.36%; text-align: center;\">\u00a0<\/td>\n<td style=\"width: 20%; text-align: center;\"><span style=\"color: #d49800;\"><strong>\u2192<\/strong><\/span><\/td>\n<td style=\"width: 17.92%; text-align: center;\"><strong><span style=\"color: #d69a02;\">Ende<\/span><\/strong><\/td>\n<td style=\"width: 25.76%; text-align: center;\"><span style=\"color: #c900c6;\"><strong>&#8222;Was ist Kurzsichtigkeit?&#8220;<\/strong><\/span><\/td>\n<\/tr>\n<\/tbody>\n<\/table>\n<p>Abbildung 2.3.<\/p>\n<p class=\"Indent\" style=\"text-align: justify;\">\u00a0<\/p>\n<p><em>Was hilft es uns also, wenn ein Seiendes namens &#8222;Myopie&#8220; genannt wird?<\/em><\/p>\n<p class=\"Indent\"><em>Gar nichts!\u00a0 <\/em><\/p>\n<p class=\"Indent\" style=\"text-align: justify;\">Wenn Myopie bereits eine Wissung darstellt, bildet das &#8222;zugeh\u00f6rige&#8220; Seiende eine v\u00f6llig unn\u00f6tige &#8222;Erg\u00e4nzung&#8220;<em>. <\/em><\/p>\n<p class=\"Indent\" style=\"text-align: justify;\">Wissen wir dagegen nicht, was Myopie bedeutet, dann hilft uns der Hinweis, es sei ein spezielles Seiendes, ebenfalls absolut nichts, <em>denn das war von vornherein klar; was anders h\u00e4tte es denn sein k\u00f6nnen?<\/em>\u00a0<\/p>\n<p class=\"Indent\" style=\"text-align: justify;\">Alles gelb Hinterlegte k\u00f6nnen wir also einfach verlustlos streichen.<\/p>\n<p>&nbsp;<\/p>\n<p style=\"text-align: justify;\">AD: &#8222;Seiende sind folglich immer nutzlos . . . Da\u00df wir sie bzw. die Referenten unserer Wissungen streichen, wird sich nat\u00fcrlich in unseren Formulierungen auswirken, d\u00fcrfte aber inhaltlich gar keine Rolle spielen.&#8220;\u00a0<\/p>\n<p style=\"text-align: justify;\">\u00a0<\/p>\n<p style=\"text-align: justify;\">Damit wird auch einsichtig, da\u00df niemand versteht, was Existenz bzw. Nicht-Existenz bedeuten sollen.<\/p>\n<p class=\"Indent\">Die Tradition h\u00e4lt die Seienden f\u00fcr existent und die Nicht-Seienden f\u00fcr inexistent.<\/p>\n<p class=\"Indent\">Wir k\u00f6nnen jetzt erg\u00e4nzen, da\u00df <em>aus unserer postmodernen Sicht<\/em><\/p>\n<p class=\"Indent\">&#8211; <em>sowohl die Seienden als auch die Nicht-Seienden<\/em><\/p>\n<p class=\"Indent\"><em>&#8211; weder existieren noch nicht-existieren<\/em>.<\/p>\n<p>&nbsp;<\/p>\n<p><em>Die beiden Begriffspaare bilden ein &#8222;Minisystem der Wissungen&#8220;<\/em>, das<\/p>\n<p class=\"Indent\">&#8211; nat\u00fcrlich \u2013 wie jedes Wissens-System \u2013 in sich geschlossen ist und dadurch<\/p>\n<p class=\"Indent\">&#8211; nicht mit dem unsrigen verbunden werden kann.<\/p>\n<p class=\"Indent\" style=\"text-align: justify;\">Von &#8222;innen&#8220; ist es zwingend, da\u00df <em>Seiende existieren und Nicht-Seiende nicht-existieren<\/em>; das sagen ja die sich wechselseitig erkl\u00e4renden Begriffe.<\/p>\n<p class=\"Indent\">Aber von &#8222;au\u00dfen&#8220; versteht keiner, wovon dort die Rede sein soll.<\/p>\n<p>&nbsp;<\/p>\n<p style=\"text-align: justify;\">AD: &#8222;Sie meinen also:<\/p>\n<p class=\"Indent\" style=\"text-align: justify;\">Aus postmoderner Sicht gibt es nur in sich geschlossene Systeme von Wissungen, <em>aber es k\u00f6nnen mehrere solcher Systeme nebeneinander bestehen; selbst in einer Psyche<\/em>. Da ihnen die Verbindungen untereinander fehlen (m\u00fcssen), ist jede Verst\u00e4ndigung oder Erkl\u00e4rung zwischen ihnen ausgeschlossen.&#8220;<\/p>\n<p class=\"Indent\" style=\"text-align: justify;\">Ja; traditionell Denkende haben ihr subjektives Wissens-System als als das eigentliche Wirklichkeits-Bild und zus\u00e4tzlich das Mini-System aus (Nicht-)Seienden und (In-)Existenz. Die beiden Paare tragen sich gegenseitig und tun das logisch ganz sauber. Aber wenn wir fragen, was diese Wissungen bedeuten, m\u00fc\u00dfte ein Zusammenhang mit dem &#8222;richtigen&#8220; Wirklichkeits-Bild hergestellt werden, und den gibt es nicht.\u00a0\u00a0<\/p>\n","protected":false},"excerpt":{"rendered":"<p>Mein Leben gibt es nat\u00fcrlich sowohl traditionell als auch postmodern; aber zwischen den beiden Sichtweisen besteht eine fundamentale Diskrepanz. &nbsp; Traditionell ist mein Leben \u2013 entgegen dem in der \u00d6ffentlichkeit h\u00e4ufig aufgesetztem Pathos \u2013 ausgesprochen bedeutungslos. Letztlich dreht sich alles &#8211; um die objektive Realit\u00e4t des physikalischen Kosmos, &#8211; in der wir pure Nichtse sind, [&hellip;]<\/p>\n","protected":false},"author":1,"featured_media":0,"parent":4328,"menu_order":4,"comment_status":"closed","ping_status":"closed","template":"","meta":{"footnotes":"","_links_to":"","_links_to_target":""},"class_list":["post-4325","page","type-page","status-publish","hentry"],"_links":{"self":[{"href":"https:\/\/www.soukup.de\/selbst-denken\/wp-json\/wp\/v2\/pages\/4325","targetHints":{"allow":["GET"]}}],"collection":[{"href":"https:\/\/www.soukup.de\/selbst-denken\/wp-json\/wp\/v2\/pages"}],"about":[{"href":"https:\/\/www.soukup.de\/selbst-denken\/wp-json\/wp\/v2\/types\/page"}],"author":[{"embeddable":true,"href":"https:\/\/www.soukup.de\/selbst-denken\/wp-json\/wp\/v2\/users\/1"}],"replies":[{"embeddable":true,"href":"https:\/\/www.soukup.de\/selbst-denken\/wp-json\/wp\/v2\/comments?post=4325"}],"version-history":[{"count":0,"href":"https:\/\/www.soukup.de\/selbst-denken\/wp-json\/wp\/v2\/pages\/4325\/revisions"}],"up":[{"embeddable":true,"href":"https:\/\/www.soukup.de\/selbst-denken\/wp-json\/wp\/v2\/pages\/4328"}],"wp:attachment":[{"href":"https:\/\/www.soukup.de\/selbst-denken\/wp-json\/wp\/v2\/media?parent=4325"}],"curies":[{"name":"wp","href":"https:\/\/api.w.org\/{rel}","templated":true}]}}