{"id":4358,"date":"2026-01-04T21:50:16","date_gmt":"2026-01-04T19:50:16","guid":{"rendered":"https:\/\/www.soukup.de\/selbst-denken\/?page_id=4358"},"modified":"2026-03-09T14:12:12","modified_gmt":"2026-03-09T12:12:12","slug":"2-1-7-vertauschungen","status":"publish","type":"page","link":"https:\/\/www.soukup.de\/selbst-denken\/buch\/2-hinfuehrung-zum-thema\/2-1-7-vertauschungen\/","title":{"rendered":"2.3.  Das System des Wissens ist in sich geschlossen"},"content":{"rendered":"<p style=\"text-align: justify;\">Wir wissen bereits, da\u00df Wissungen postmodern keine Referenten besitzen, werden darin durch unser letztes Ergebnis aber nochmals best\u00e4tigt:<\/p>\n<p class=\"Indent\" style=\"text-align: justify;\">Was sollten das f\u00fcr Referenten sein, von denen wir nicht einmal sinnvoll sagen k\u00f6nnen, da\u00df sie existieren?<\/p>\n<p class=\"Indent\" style=\"text-align: justify;\">AD: &#8222;Ich kann es immer noch nicht glauben; Sie wollen ernstlich bestreiten, von tausend Dingen zu wissen?&#8220;\u00a0<\/p>\n<p class=\"Indent\" style=\"text-align: justify;\">Wir wissen beide von Afrika; ich bestreite das nat\u00fcrlich nicht, sondern erg\u00e4nze lediglich:<\/p>\n<p class=\"Indent\" style=\"text-align: justify;\">M\u00f6glich ist das nur, weil <em>Afrika selbst Wissen darstellt<\/em>.<\/p>\n<p class=\"Indent\" style=\"text-align: justify;\">Ihre &#8222;Referenten&#8220; oder &#8222;Wovons&#8220; m\u00fcssen, mit anderen Worten, selbst Wissungen sein.<\/p>\n<p>&nbsp;<\/p>\n<p style=\"text-align: justify;\">Damit haben wir &#8222;einfache&#8220; Wissungen und Wissungen von Wissungen. Wir <em>wissen <\/em>beispielsweise <em>die Zahl 4<\/em> und <em>von<\/em> dieser Wissung, da\u00df <em>sie gleich 2 x 2 ist<\/em>.\u00a0<\/p>\n<p class=\"Indent\" style=\"text-align: justify;\">Meines Erachtens besteht hier kein Unterschied, der einen Unterschied macht, so da\u00df letztlich alle Wissungen &#8222;einfach&#8220; \u2013 Wissungen \u2013 sind und wir endg\u00fcltig zusammenfassen k\u00f6nnen:<\/p>\n<p class=\"Indent\" style=\"text-align: justify;\">Postmodern lassen sich die &#8222;Referenten&#8220; der Wissungen nur als weitere Wissungen und niemals als Nicht-Wissungen verstehen. Da jedoch Wissungen von Wissungen auch nur Wissungen sind, k\u00f6nnen wir der Deutlichkeit halber dabei bleiben:<\/p>\n<p class=\"Indent\"><em>Postmodern besitzen Wissungen keine Referenten<\/em>.<\/p>\n<p>&nbsp;<\/p>\n<p style=\"text-align: justify;\">Sie bilden somit ein in sich (ab)geschlossenes System, aus dem nichts herausf\u00fchrt.<\/p>\n<p class=\"Indent\">AD: &#8222;Und auch nichts hinein?&#8220;<\/p>\n<p class=\"Indent\" style=\"text-align: justify;\">Doch, denn sonst h\u00e4tte unser Wissens-System ja gar nicht entstehen k\u00f6nnen. <em>Es verweist zwar auf nichts, entspringt aber keineswegs dem Nichts<\/em>, sondern mu\u00df von unseren Vorfahren generiert worden sein.<\/p>\n<p style=\"text-align: justify;\">\u00a0<\/p>\n<p style=\"text-align: justify;\">Traditionell wissen wir von der Materie und dem Menschen, von der Evolution oder Geschichte sowie von Gott, Tod und Teufel.<\/p>\n<p class=\"Indent\" style=\"text-align: justify;\">Aber postmodern ist Materie nicht das Material, aus dem der Kosmos besteht, die Evolution nicht dessen Entstehung, und die Geschichte umfa\u00dft nicht das Leben unserer Vorfahren; vielmehr<em> sind das alles nur Wissungen \u2013 ohne irgendein &#8222;. . . von Nicht-Wissungen&#8220;. <\/em><\/p>\n<p class=\"Indent\" style=\"text-align: justify;\">Wir sprechen also niemals \u00fcber Dinge, Seiende, Tatsachen, Fakten oder dergleichen, sondern <em>ausschlie\u00dflich von unsererm gegenw\u00e4rtigen Wirklichkeits-Bild, von den eigenen Vorstellungen, \u00dcberzeugungen, Gewi\u00dfheiten oder dergleichen<\/em>.<\/p>\n<p style=\"text-align: justify;\">\u00a0<\/p>\n<p style=\"text-align: justify;\">Ich wei\u00df nicht wer Spartakus &#8222;wirklich&#8220; war, sondern f\u00fcr mich ist Spartakus . . .; ich wei\u00df nicht, was Jesus &#8222;wirklich&#8220; sagte, sondern meines Erachtens wollte er . . .; ich wei\u00df nicht, ob Buddha &#8222;wirklich&#8220; lebte, glaube es aber fest.<\/p>\n<p class=\"Indent\" style=\"text-align: justify;\">Dieses &#8222;wirklich&#8220; hat keine Bedeutung, und deswegen ist unser Wirklichkeits-Bild kein Bild von der Wirklichkeit; wir orientieren uns lediglich an ihm.<\/p>\n<p class=\"Indent\" style=\"text-align: justify;\">Da\u00df wir uns bestimmter Teile davon absolut sicher sind, bedeutet<\/p>\n<p class=\"Indent\" style=\"text-align: justify;\">&#8211; nicht, da\u00df wir es in diesen F\u00e4llen <em>offensichtlich mit Tatsachen zu tun haben<\/em>, sondern<\/p>\n<p class=\"Indent\" style=\"text-align: justify;\">&#8211; da\u00df wir <em>uns immer im Sinne dieser Teile orientieren<\/em>, wenn sie eine Rolle spielen.\u00a0 \u00a0 \u00a0\u00a0<\/p>\n<p>&nbsp;<\/p>\n<p>AD: &#8222;Das war jetzt in Ihrem Sinne oder postmodern gedacht.<\/p>\n<p class=\"Indent\" style=\"text-align: justify;\">Die Tradition glaubt (an) eine objektive Wirklichkeit und versteht das ad\u00e4quate Wirklichkeits-Bild dementsprechend als ein exaktes Abbild von ihr.&#8220;<\/p>\n<p class=\"Indent\" style=\"text-align: justify;\">Womit sie das Ganze nat\u00fcrlich auf den Kopf stellt:<\/p>\n<p class=\"Indent\" style=\"text-align: justify;\">Es kann kein Abbid geben ohne Urbild.\u00a0 \u00a0<\/p>\n<p class=\"Indent\" style=\"text-align: justify;\">Der traditionelle Denkweg f\u00fchrt unseres Erachtens<\/p>\n<p class=\"Indent\" style=\"text-align: justify;\">&#8211; nicht <em>von der Wirklichkeit zum Bild<\/em>, sondern<\/p>\n<p class=\"Indent\" style=\"text-align: justify;\">&#8211; <em>vom woher auch immer stammenden Bild zur geglaubten oder projizierten &#8222;Wirklichkeit&#8220;<\/em>,<\/p>\n<p class=\"Indent\" style=\"text-align: justify;\">&#8211; so da\u00df <em>die beiden nat\u00fcrlich stets \u00fcbereinstimmen m\u00fcssen<\/em>.\u00a0<\/p>\n<p class=\"Indent\" style=\"text-align: justify;\">Indem die traditionell Denkenden sich auf ein Wirklichkeitsbild einigen, machen sie somit ihre &#8222;Wirklichkeit&#8220; ganz demokratisch zum Mehrheitsbeschlu\u00df.<\/p>\n<p style=\"text-align: justify;\">\u00a0<\/p>\n<p style=\"text-align: justify;\"><em>Ohne Referenten gibt es nur Rundwege innerhalb des Wissens-Systems<\/em>, <em>aber keine Grenz\u00fcberschreitungen<\/em>.<\/p>\n<p class=\"Indent\" style=\"text-align: justify;\">Aus dem Wissen von der Materie beispielsweise wird das Wissen namens &#8222;Materie&#8220; oder das Materie-Wissen, mit dem sich ganze Bibliotheken f\u00fcllen lassen und mit dessen Hilfe man zum Mond fliegen kann.<\/p>\n<p class=\"Indent\" style=\"text-align: justify;\">Dieser ist eine andere Wissung, <em>die nicht aus Materie besteht<\/em>, weil <em>Wissungen nicht aus Wissungen bestehen<\/em>, sondern h\u00f6chstens <em>Wissungen von Wissungen sein k\u00f6nnen<\/em>.\u00a0<\/p>\n<p style=\"text-align: justify;\">\u00a0<\/p>\n<p style=\"text-align: justify;\">Die biblische Erz\u00e4hlung, da\u00df Adam den Tieren Namen gegeben haben soll, k\u00f6nnte traditionell stimmen, postmodern jedoch nicht.<\/p>\n<p class=\"Indent\" style=\"text-align: justify;\">Stellen wir uns vor, er habe <em>eines der Tiere benannt<\/em> und sich den Namen vorsichtshalber notiert. Ihn wei\u00df er also morgen noch ganz gewi\u00df, aber sein Wovon, &#8222;eines der Tiere&#8220; also, nicht. &#8222;Wem hatte ich blo\u00df diesen Namen gegeben?&#8220; Das l\u00e4\u00dft sich auch nicht notieren. (Meine Argumentation entspricht derjenigen Wittgensteins gegen die M\u00f6glichkeit von Privatsprachen .)\u00a0<\/p>\n<p class=\"Indent\" style=\"text-align: justify;\"><em>Um auch die benannte Seite notieren zu k\u00f6nnen, mu\u00df sie eine Wissung darstellen<\/em>; Adam h\u00e4tte also beispielweise alle L\u00f6wen &#8222;Leu&#8220; nennen k\u00f6nnen, weil L\u00f6we eine Wissung darstellt, die bereits vor der Namensgebung existierte.<\/p>\n<p>&nbsp;<\/p>\n<p style=\"text-align: justify;\">Nun sollte verst\u00e4ndlich werden,<\/p>\n<p class=\"Indent\" style=\"text-align: justify;\">&#8211; <em>da\u00df Wissungen bzw. deren Bezeichnungen<\/em> <em>aber auch gar nichts mit Wovons resp. deren Namen zu tun<\/em> <em>haben,<\/em><\/p>\n<p class=\"Indent\" style=\"text-align: justify;\">&#8211; <em>weshalb sie nur innerhalb eines in sich geschlossenen Systems auftreten k\u00f6nnen und als Wissungen<\/em><\/p>\n<p class=\"Indent\" style=\"text-align: justify;\">\u00a0 &#8212; sowohl <em>bezeichenbar<\/em><\/p>\n<p class=\"Indent\" style=\"text-align: justify;\">\u00a0 &#8212; wie auch<em>\u00a0benennbar<\/em>\u00a0sind.\u00a0<\/p>\n<p>&nbsp;<\/p>\n<p style=\"text-align: justify;\">AD: &#8222;Dieser prinzipielle Unterschied zwischen beiden wird daran besonders deutlich, da\u00df die Wissung A immer mit &#8218;A&#8216; bezeichnet wird; die Sonne mit &#8218;Sonne&#8216; oder das Wasser mit &#8218;Wasser&#8216;. Namen sind dagegen willk\u00fcrlich; wir k\u00f6nnen die Sonne zum Beispiel &#8218;Frau Luna&#8216; nennen und das Wasser &#8218;Lebenselexier&#8216; \u2013 <em>wenn die Wissungen Sonne sowie Wasser vorliegen<\/em>.&#8220;<\/p>\n","protected":false},"excerpt":{"rendered":"<p>Wir wissen bereits, da\u00df Wissungen postmodern keine Referenten besitzen, werden darin durch unser letztes Ergebnis aber nochmals best\u00e4tigt: Was sollten das f\u00fcr Referenten sein, von denen wir nicht einmal sinnvoll sagen k\u00f6nnen, da\u00df sie existieren? AD: &#8222;Ich kann es immer noch nicht glauben; Sie wollen ernstlich bestreiten, von tausend Dingen zu wissen?&#8220;\u00a0 Wir wissen beide [&hellip;]<\/p>\n","protected":false},"author":1,"featured_media":0,"parent":4328,"menu_order":3,"comment_status":"closed","ping_status":"closed","template":"","meta":{"footnotes":"","_links_to":"","_links_to_target":""},"class_list":["post-4358","page","type-page","status-publish","hentry"],"_links":{"self":[{"href":"https:\/\/www.soukup.de\/selbst-denken\/wp-json\/wp\/v2\/pages\/4358","targetHints":{"allow":["GET"]}}],"collection":[{"href":"https:\/\/www.soukup.de\/selbst-denken\/wp-json\/wp\/v2\/pages"}],"about":[{"href":"https:\/\/www.soukup.de\/selbst-denken\/wp-json\/wp\/v2\/types\/page"}],"author":[{"embeddable":true,"href":"https:\/\/www.soukup.de\/selbst-denken\/wp-json\/wp\/v2\/users\/1"}],"replies":[{"embeddable":true,"href":"https:\/\/www.soukup.de\/selbst-denken\/wp-json\/wp\/v2\/comments?post=4358"}],"version-history":[{"count":0,"href":"https:\/\/www.soukup.de\/selbst-denken\/wp-json\/wp\/v2\/pages\/4358\/revisions"}],"up":[{"embeddable":true,"href":"https:\/\/www.soukup.de\/selbst-denken\/wp-json\/wp\/v2\/pages\/4328"}],"wp:attachment":[{"href":"https:\/\/www.soukup.de\/selbst-denken\/wp-json\/wp\/v2\/media?parent=4358"}],"curies":[{"name":"wp","href":"https:\/\/api.w.org\/{rel}","templated":true}]}}