{"id":4398,"date":"2026-02-05T20:51:36","date_gmt":"2026-02-05T18:51:36","guid":{"rendered":"https:\/\/www.soukup.de\/selbst-denken\/?page_id=4398"},"modified":"2026-03-17T11:23:24","modified_gmt":"2026-03-17T09:23:24","slug":"1-2-2-hohlwelttheorie","status":"publish","type":"page","link":"https:\/\/www.soukup.de\/selbst-denken\/buch\/2-hinfuehrung-zum-thema\/1-1-3-zwei-arten-von-seienden\/1-2-2-hohlwelttheorie\/","title":{"rendered":"2.1.1.  Hohlwelttheorie und Erdscheibe"},"content":{"rendered":"<p style=\"text-align: justify;\">Potentielle Wahrnehmungen sind keine Wahrnehmungen, sondern h\u00f6chstens ihre Erm\u00f6glichung. Sie bleiben irgenwo versteckt und warten m\u00f6glicherweise darauf, verwirklicht oder eben wahrgenommen zu werden. Aber wo warten sie, das hei\u00dft, wie k\u00f6nnen wir sie entdecken und &#8222;einschalten&#8220;?<\/p>\n<p class=\"Indent\" style=\"text-align: justify;\">Ludwig Wittgenstein veranschaulichte das Problem anhand der Kippbilder. Wir haben beispielsweise den Hasen vor uns und k\u00f6nnen \u2013 in diesem Fall meistens relativ leicht \u2013 zur Ente wechseln und umgekehrt.\u00a0 \u00a0<\/p>\n<p class=\"Indent\" style=\"text-align: justify;\">Das funktioniert praktisch auf Knopfdruck. <em>Als wesentlich schwieriger, aber nicht prinzipiell anders<\/em> m\u00fcssen wir uns den Wechsel beispielsweise vom naiven Realismus zum Radikalen Konstruktivismus vorstellen:<\/p>\n<p>&nbsp;<\/p>\n<p style=\"text-align: justify;\">Wir<\/p>\n<p class=\"Indent\" style=\"text-align: justify;\">&#8211; haben \u2013 wie bei den Kippbildern \u2013 in beiden F\u00e4llen <span style=\"color: #0000ff;\"><em>exakt die gleichen Wahrnehmungen<\/em><\/span>,<\/p>\n<p class=\"Indent\" style=\"text-align: justify;\">&#8211; bei <em><span style=\"color: #ff0000;\">nahezu gegens\u00e4tzliche Theorien<\/span>. <\/em><\/p>\n<p class=\"Indent\" style=\"text-align: justify;\">Und <em>weil <span style=\"color: #0000ff;\">die Wahrnehmungen<\/span> trotz <span style=\"color: #ff0000;\">der unterschiedlichen Theorien<\/span> \u00fcbereinstimmen<\/em>,<\/p>\n<p class=\"Indent\" style=\"text-align: justify;\">l\u00e4\u00dft sich innerhalb der letzteren auch keine richtige Theorie herausfinden.<\/p>\n<p>&nbsp;<\/p>\n<p style=\"text-align: justify;\">AD: &#8222;Ich habe des \u00f6fteren schon \u2013 auch in anspruchsvollen B\u00fcchern \u2013 gelesen, die Menschen h\u00e4tten fr\u00fcher <em><span style=\"color: #0000ff;\">andere Wahrnehmungen<\/span> besessen<\/em>. Wenn ich Sie recht verstehe, stimmt das aber gar nicht; die Menschen haben <span style=\"color: #0000ff;\">ihre \u2013 gleichen \u2013 Wahrnehmungen<\/span> lediglich <span style=\"color: #ff0000;\">anders interpretiert<\/span>,\u00a0das hei\u00dft, mit <span style=\"color: #ff0000;\">anderen Seienden<\/span> versehen.&#8220;\u00a0\u00a0<\/p>\n<p class=\"Indent\">Davon bin ich \u00fcberzeugt<\/p>\n<p>&nbsp;<\/p>\n<p>Mein sch\u00f6nstes Beispiel, um dies zu verdeutlichen, bildet die Hohlwelttheorie.<\/p>\n<p class=\"Indent\" style=\"text-align: justify;\">Unter diesem Titel wird sehr viel Unsinn verbreitet; nicht zuletzt im Internet. F\u00fcr eine sachliche Information w\u00fcrde ich Ihnen Roman Sexl empfehlen, der bis zu seinem fr\u00fchen Tod als Professor f\u00fcr Theoretische Physik an der Universit\u00e4t seiner Heimatstadt Wien arbeitete.<\/p>\n<p class=\"Indent\" style=\"text-align: justify;\">Der Kerngedanke der Hohlwelttheorie besteht in der Spiegelung oder Inversion an der Kugel. Dabei wird jedem Punkt in ihrem Inneren eineindeutig ein solcher im \u00c4u\u00dferen zugeordnet; auf folgende Weise:<\/p>\n<p>&nbsp;<\/p>\n<p class=\"Indent\">1. Man zeichnet einen Strahl vom Mittelpunkt der Kugel bis ins Unendliche.<\/p>\n<p class=\"Indent\">2. Die beiden Punkte eines Paares liegen jeweils auf dem gleichen Strahl.<\/p>\n<p class=\"Indent\">3. Ihre Abst\u00e4nde vom Mittelpunkt seien r(i) bzw. r(a) und der Kugelradius betrage R.<\/p>\n<p class=\"Indent\">4. Es gilt die Beziehung r(i) x r(a) = R\u00b2.<\/p>\n<p>&nbsp;<\/p>\n<p style=\"text-align: justify;\">N\u00e4hert sich der \u00e4u\u00dfere Punkt der Kugel, tut dies auch der innere; entfernt ersterer sich ins Unendliche, erreicht der innere Punkt das Zentrum der Kugel.<\/p>\n<p class=\"Indent\" style=\"text-align: justify;\">Diese Abbildung z\u00e4hlt zu den konformen Transformationen und besitzt bemerkenswert einfache Eigenschaften. So bleiben etwa s\u00e4mtliche Winkel erhalten, und eine Gerade im Au\u00dfenraum wird im Inneren zum Kreis; die Tangente beispielsweise zu einem Kreis mit dem Radius \u00bdR durch den Kugelmittelpunkt.<\/p>\n<p class=\"Indent\" style=\"text-align: justify;\">Am meisten \u00fcberrascht Sie wahrscheinlich, da\u00df dieser Abbildung zufolge jede noch so kleine endliche Kugel ebenso viele Punkte enthalten mu\u00df, wie ihr unendliches Au\u00dfen. Wenn beide Bereiche sich punktweise aufeinander abbilden lasen, dabei kein innerer Punkt mehrfach benutzt und kein \u00e4u\u00dferer ausgelassen wird . . .<\/p>\n<p>&nbsp;<\/p>\n<p style=\"text-align: justify;\">Identifizieren wir die mathematische Kugel mit der Erde, so geht deren Oberfl\u00e4che in sich selbst \u00fcber; bei r(i) = R mu\u00df dies auch f\u00fcr r(a) gelten.<\/p>\n<p class=\"Indent\" style=\"text-align: justify;\">Wir stehen auf der konvexen, von uns weggebogenen Seite dieser Oberfl\u00e4che; unter uns liegt der Dreck und \u00fcber uns befinden sich die V\u00f6gel, Wolken, Flugzeuge oder Sterne.<\/p>\n<p class=\"Indent\" style=\"text-align: justify;\">Spiegeln wir nun die Erd-Kugel, so mu\u00df an dem letzten Satz praktisch nur ein Wort ge\u00e4ndert werden:\u00a0<\/p>\n<p class=\"Indent\" style=\"text-align: justify;\">Wir stehen auf der konkaven, auf uns zugebogenen Seite dieser Oberfl\u00e4che; unter uns liegt der Dreck und \u00fcber uns befinden sich die V\u00f6gel, Wolken, Flugzeuge oder Sterne.<\/p>\n<p>&nbsp;<\/p>\n<p style=\"text-align: justify;\">Empirisch \u00e4ndert sich absolut nichts. Es gibt kein Experiment, mit dessen Hilfe entschieden werden k\u00f6nnte, auf welcher Seite der Erdoberfl\u00e4che wir uns befinden.<\/p>\n<p class=\"Indent\" style=\"text-align: justify;\">Demzufolge habe ich soeben auch einen Fehler begangen in der Hoffnung, Sie w\u00fcrden mich durch ihn erst einmal besser verstehen:<\/p>\n<p class=\"Indent\" style=\"text-align: justify;\"><em>Es war nat\u00fcrlich falsch zu schreiben &#8222;Wir stehen auf der konvexen . . . Seite dieser Oberfl\u00e4che&#8220;.<\/em> Das entzieht sich keineswegs nur unserem Wissen, sondern <em>stimmt auch nicht<\/em>.<\/p>\n<p>&nbsp;<\/p>\n<p style=\"text-align: justify;\">&#8222;\u00dcberzeugte&#8220; Hohlwelttheoretiker gehen von der gegenteiligen Annahme aus, wir w\u00fcrden innerhalb der Erd-Kugel leben; aber &#8222;das eine&#8220; ist so falsch wie &#8222;das andere&#8220; \u2013 denn <em>es gibt nur eines<\/em>.<\/p>\n<p class=\"Indent\" style=\"text-align: justify;\">Wo keine Entscheidung m\u00f6glich ist, <em>macht der &#8222;Unterschied&#8220; keinen Unterschied, und so existiert auch keiner<\/em>.\u00a0<\/p>\n<p class=\"Indent\" style=\"text-align: justify;\">\u00a0<\/p>\n<p style=\"text-align: justify;\">Die Hohlwelt ist das Paradebeispiel f\u00fcr ein Kippbild; uns fehlt lediglich der Schalter, so da\u00df wir immer nur die Dreckkugel-Version erleben.\u00a0<\/p>\n<p class=\"Indent\" style=\"text-align: justify;\">In der gekippten Hohlwelt-Version h\u00e4tten wir <span style=\"color: #0000ff;\"><em>exakt die gleichen Wahrnehmungen<\/em><\/span>, w\u00e4ren aber \u00fcberzeugt, uns innen zu befinden; lediglich <span style=\"color: #ff0000;\">die Theorien, unsere Denkungen oder Vorstellungen<\/span> also, w\u00e4ren anders.<\/p>\n<p class=\"Indent\" style=\"text-align: justify;\">(Versuchen Sie bitte die Analogie zur Wahrnehmungstheorie in 1.1.3. zu erkennen; sie ist nat\u00fcrlich der springende Punkt unserer drei Beispiele.)\u00a0<\/p>\n<p>&nbsp;<\/p>\n<p style=\"text-align: justify;\">Wir sagen so schnell dahin, die Menschen glaubten fr\u00fcher, auf einer Scheibe zu leben. Auch das geht wieder zu weit; <em>weil sich das <span style=\"color: #ff0000;\">Auf-der-Scheibe<\/span> nicht vom <span style=\"color: #ff0000;\">Unter-der Scheibe<\/span> unterscheiden l\u00e4\u00dft; <\/em>die zugeh\u00f6rige Transformation ist zu simpel, um sie zu beschreiben.<\/p>\n<p class=\"Indent\">AD: &#8222;Aber es f\u00e4llt doch alles nach unten!&#8220;<\/p>\n<p class=\"Indent\" style=\"text-align: justify;\">Jein; <span style=\"color: #0000ff;\"><em>es f\u00e4llt alles<\/em><\/span>, und darin besteht die <em><span style=\"color: #0000ff;\">\u00fcbereinstimmende Wahrnehmung<\/span> \u2013 <\/em>vor und nach der Spiegelung.<\/p>\n<p class=\"Indent\" style=\"text-align: justify;\"><em>Aber das <span style=\"color: #ff0000;\">Unten<\/span> geh\u00f6rt \u2013 als Erde \u2013 bereits zur <span style=\"color: #ff0000;\">Theorie<\/span>, die keinen Einflu\u00df auf die <span style=\"color: #0000ff;\">Wahrnehmungen<\/span> besitzt<\/em>.<\/p>\n<p>&nbsp;<\/p>\n<p style=\"text-align: justify;\">Es gibt\u00a0nur<\/p>\n<p class=\"Indent\" style=\"text-align: justify;\">&#8211; <em>ein<\/em> <span style=\"color: #0000ff;\">Kugel- bzw. Scheibenmodell<\/span> mit jeweils<\/p>\n<p class=\"Indent\" style=\"text-align: justify;\">&#8211; <em>einer<\/em> <span style=\"color: #0000ff;\">Wirklichkeit<\/span>, aber zwei<\/p>\n<p class=\"Indent\" style=\"text-align: justify;\">&#8211; gegens\u00e4tzlichen <span style=\"color: #ff0000;\">Theorien, Wissungen, Vorstellungen oder Denkungen<\/span>, die<\/p>\n<p class=\"Indent\">\u00a0 &#8212; nur scheinbar alles auf den Kopf stellen,<\/p>\n<p class=\"Indent\">\u00a0 &#8212; tats\u00e4chlich jedoch keinerlei Einflu\u00df auf die <span style=\"color: #0000ff;\">(Wirklichkeit der)<\/span> <span style=\"color: #0000ff;\">Wahrnehmungen<\/span> besitzen.\u00a0<\/p>\n","protected":false},"excerpt":{"rendered":"<p>Potentielle Wahrnehmungen sind keine Wahrnehmungen, sondern h\u00f6chstens ihre Erm\u00f6glichung. Sie bleiben irgenwo versteckt und warten m\u00f6glicherweise darauf, verwirklicht oder eben wahrgenommen zu werden. Aber wo warten sie, das hei\u00dft, wie k\u00f6nnen wir sie entdecken und &#8222;einschalten&#8220;? Ludwig Wittgenstein veranschaulichte das Problem anhand der Kippbilder. Wir haben beispielsweise den Hasen vor uns und k\u00f6nnen \u2013 in [&hellip;]<\/p>\n","protected":false},"author":1,"featured_media":0,"parent":4395,"menu_order":1,"comment_status":"closed","ping_status":"closed","template":"","meta":{"footnotes":"","_links_to":"","_links_to_target":""},"class_list":["post-4398","page","type-page","status-publish","hentry"],"_links":{"self":[{"href":"https:\/\/www.soukup.de\/selbst-denken\/wp-json\/wp\/v2\/pages\/4398","targetHints":{"allow":["GET"]}}],"collection":[{"href":"https:\/\/www.soukup.de\/selbst-denken\/wp-json\/wp\/v2\/pages"}],"about":[{"href":"https:\/\/www.soukup.de\/selbst-denken\/wp-json\/wp\/v2\/types\/page"}],"author":[{"embeddable":true,"href":"https:\/\/www.soukup.de\/selbst-denken\/wp-json\/wp\/v2\/users\/1"}],"replies":[{"embeddable":true,"href":"https:\/\/www.soukup.de\/selbst-denken\/wp-json\/wp\/v2\/comments?post=4398"}],"version-history":[{"count":0,"href":"https:\/\/www.soukup.de\/selbst-denken\/wp-json\/wp\/v2\/pages\/4398\/revisions"}],"up":[{"embeddable":true,"href":"https:\/\/www.soukup.de\/selbst-denken\/wp-json\/wp\/v2\/pages\/4395"}],"wp:attachment":[{"href":"https:\/\/www.soukup.de\/selbst-denken\/wp-json\/wp\/v2\/media?parent=4398"}],"curies":[{"name":"wp","href":"https:\/\/api.w.org\/{rel}","templated":true}]}}