{"id":4424,"date":"2026-03-12T18:01:13","date_gmt":"2026-03-12T16:01:13","guid":{"rendered":"https:\/\/www.soukup.de\/selbst-denken\/?page_id=4424"},"modified":"2026-03-15T10:35:31","modified_gmt":"2026-03-15T08:35:31","slug":"1-1-3","status":"publish","type":"page","link":"https:\/\/www.soukup.de\/selbst-denken\/buch\/1-einleitung-kurz\/1-1-1-das-traditionelle-denken\/1-1-3\/","title":{"rendered":"1.1.3.  Die Tradition kennt keine Wahrheit"},"content":{"rendered":"<p style=\"text-align: justify;\">F\u00fcr Postmoderne gibt es weder Ideen noch Seiende.<\/p>\n<p class=\"Indent\" style=\"text-align: justify;\">Traditionell besteht in der \u00dcbereinstimmung von diesen mit jenen oder in ihrer Entsprechung die Wahrheit. Konservativ Denkende glauben daher, der Postmoderne vorwerfen zu k\u00f6nnen,<\/p>\n<p class=\"Indent\" style=\"text-align: justify;\">&#8211; bei ihr sei alles gleich-g\u00fcltig,\u00a0\u00a0<\/p>\n<p class=\"Indent\" style=\"text-align: justify;\">&#8211; sie kenne keine Wahrheit oder<\/p>\n<p class=\"Indent\" style=\"text-align: justify;\">&#8211; fr\u00f6ne eine &#8222;Diktatur des Relativismus&#8220;.\u00a0<\/p>\n<p>&nbsp;<\/p>\n<p>Ich betrachte diese Kritik als v\u00f6llig haltlos:<\/p>\n<p class=\"Indent\" style=\"text-align: justify;\">1. Wir versuchen nachzuweisen, da\u00df es tats\u00e4chlich keine Seienden gibt; damit fehlt bereits die eine Wahrheits-Seite.<\/p>\n<p class=\"Indent\" style=\"text-align: justify;\">2. Da\u00df schon die Moderne kaum noch an die Ideen glaubt und damit auch die andere Seite entschwindet, ist nat\u00fcrlich kein Argument. Aber <em>wer die Ideen in einer solchen Situation verteidigen m\u00f6chte, weil sie f\u00fcr sein Denken wichtig sind, steht in der Pflicht, daf\u00fcr starke Gr\u00fcnde vorzubringen<\/em>.\u00a0<\/p>\n<p class=\"Indent\" style=\"text-align: justify;\">Seine Gegenspieler m\u00fcssen die Existenz der Ideen ebensowenig widerlegen wie diejenige von Phlogiston. Es gibt Wissungen, die nicht mehr interessieren; wer das f\u00fcr falsch h\u00e4lt, hat die Aufgabe, seine diesbez\u00fcglichen Argumente darzulegen.<\/p>\n<p class=\"Indent\" style=\"text-align: justify;\">3. Das traditionelle Wahrheits-Verst\u00e4ndnis m\u00fc\u00dfte zudem durch <em>Kriterien<\/em> erg\u00e4nzt werden, <em>an denen wir erkennen, da\u00df die Seienden mit ihren Ideen \u00fcbereinstimmen<\/em>.<\/p>\n<p class=\"Indent\" style=\"text-align: justify;\">Woran k\u00f6nnen wir die Wahrheit verifizieren bzw. falsifizieren?\u00a0<\/p>\n<p class=\"Indent\" style=\"text-align: justify;\">Wie verglich Platon das Lebens des Sokrates mit der Idee der Gerechtigkeit?\u00a0<\/p>\n<p class=\"Indent\" style=\"text-align: justify;\">Welches materielle Bettgestellt ist wahr, weil es mit seiner rein geistigen Idee harmoniert?<\/p>\n<p class=\"Indent\" style=\"text-align: justify;\">Ich habe nirgends von dergleichen gelesen; eine &#8222;Theorie&#8220; ohne Nachpr\u00fcfbarkeit ist aber keine Theorie, sondern leeres Gerede.<\/p>\n<p>&nbsp;<\/p>\n<p style=\"text-align: justify;\">Es gibt noch einen zweiten, ganz andersartigen Gedankengang gegen den traditionellen Vorwurf an die Postmodernen, ihr \u00dcbergang von den transzendenten Ideen zu den immanenten Begriffen bedeute das Ende der Wahrheit. Er ist meines Erachtens <em>nicht nur einfach falsch, sondern stellt die wirklichen Verh\u00e4ltnisse sogar auf den Kopf<\/em>:<\/p>\n<p class=\"Indent\" style=\"text-align: justify;\">Mit der Postmoderne <em>beginnt erst<\/em> \u2013 nat\u00fcrlich nicht das Bereden, aber \u2013 <em>das Verst\u00e4ndnis der Wahrheit<\/em>.<\/p>\n<p style=\"text-align: justify;\">\u00a0<\/p>\n<p style=\"text-align: justify;\">Traditionell ist das Wort &#8222;Wahrheit&#8220; v\u00f6llig unn\u00f6tig und lediglich doppelt gemoppelt; <em>Wissungen sind<\/em><em>\u00a0entweder richtig oder falsch<\/em>.<\/p>\n<p class=\"Indent\" style=\"text-align: justify;\">Anstelle des Wortes &#8222;richtig&#8220; wird jedoch h\u00e4ufig ein &#8222;wahr&#8220; benutzt; das entspricht aber <em>keiner neuen Bedeutung <\/em>\u2013 denn dazu m\u00fc\u00dfte erkl\u00e4rt werden, worin sie besteht \u2013<em>, sondern die beiden Worte sind v\u00f6llig synonym<\/em>. Statt \u00fcberzogen und hochtrabend von &#8222;<em>der Wahrheit&#8220;<\/em> zu sprechen, in deren Besitz man sich mit seinem blo\u00dfen Wissen glaubt, w\u00e4re es also angemessener sowie ehrlicher, bescheiden bei einem &#8222;das ist richtig&#8220; zu bleiben.<\/p>\n<p style=\"text-align: justify;\">\u00a0<\/p>\n<p style=\"text-align: justify;\">In genauer Umkehrung des konservativen Vorwurfs <em>kennt die Tradition also blo\u00df Richtigkeit, aber keine Wahrheit<\/em>.<\/p>\n<p class=\"Indent\" style=\"text-align: justify;\">Ich versuche, meine Intention nochmals an einem Beispiel zu verdeutlichen:<\/p>\n<p class=\"Indent\" style=\"text-align: justify;\">Echnaton war einer der gro\u00dfen \u00e4gyptischen Pharaonen und wurde zugleich als Gott verehrt. Das ist logisch sauber, weil seine Untertanen <em>aus anderen Zusammenh\u00e4ngen wu\u00dften, was ein Gott ist<\/em>. <em>Ohne dieses Wissen<\/em> w\u00e4re &#8222;Gott&#8220; nur ein anderes Wort f\u00fcr &#8222;Pharao&#8220; gewesen.<\/p>\n<p class=\"Indent\" style=\"text-align: justify;\">Ebenso kann jedes &#8222;wahr&#8220; verlustlos durch &#8222;richtig&#8220; ersetzt werden, solange die Tradition nicht erkl\u00e4rt, was sie unter Wahrheit versteht:<\/p>\n<p class=\"Indent\" style=\"text-align: justify;\">&#8222;&#8218;Richtigkeit?&#8216;; ja dann sags doch auch so, und rede nicht geschwollen-hochtrabend herum!&#8220;<\/p>\n<p class=\"Indent\" style=\"text-align: justify;\">Mir ist es sehr wichtig, die Gleichung 2 x 2 = 4 nicht ebenso als wahr zu bezeichnen wie eine fundamentale Gewissensentscheidung, bei der es um Leben und Tod geht.<\/p>\n<p>&nbsp;<\/p>\n<p style=\"text-align: justify;\">Ich behaupte keineswegs, <em>die Tradition kenne keine vern\u00fcnftige Erkl\u00e4rung der Wahrheit<\/em>, sondern stelle lediglich fest, <em>da\u00df sie in unseren diesbez\u00fcglichen Gespr\u00e4chen kaum eine Rolle spielt<\/em>. Aber unser <em>postmoderner Wahrheitsbegriff<\/em> steht ebenfalls noch aus:\u00a0<\/p>\n<p>&nbsp;<\/p>\n<p style=\"text-align: justify;\">Die Tradition glaubt, Seiende wissen zu k\u00f6nnen. Gelingt ihr das, gelangt der Erkenntnisproze\u00df an ein ultimatives Ende, denn mehr als richtiges Wissen ist gar nicht m\u00f6glich \u2013 und deswegen traditionell auch <em>nicht mehr als Richtigkeit<\/em>.<\/p>\n<p>&nbsp;<\/p>\n<p style=\"text-align: justify;\">Postmodern wissen wir dagegen nur unser subjektives Wissen \u2013 ohne alle (objektiven) Referenten. Dann k\u00f6nnen wir nat\u00fcrlich immer weiterfragen, jeden erreichten Status quo wieder hinterfragen und so fort \u2013 ohne jemals ein Wissen zu erreichen, von den wir begr\u00fcndet sagen k\u00f6nnten, <em>es sei definitiv richtig<\/em>.<\/p>\n<p class=\"Indent\" style=\"text-align: justify;\">Irgendwann oder -wo brechen wir notgedrungen ab,<\/p>\n<p class=\"Indent\" style=\"text-align: justify;\">&#8211; wohl wissend, da\u00df das Nachfragen weitergehen k\u00f6nnte bzw. vielleicht auch sollte, und<\/p>\n<p class=\"Indent\" style=\"text-align: justify;\">&#8211; begn\u00fcgen uns mit diesem &#8222;Halbwissen&#8220; oder<\/p>\n<p class=\"Indent\" style=\"text-align: justify;\">&#8211; verzweifeln daran.<\/p>\n<p>&nbsp;<\/p>\n<p>Zu meinem Leben geh\u00f6ren\u00a0<\/p>\n<p class=\"Indent\" style=\"text-align: justify;\">&#8211; <em>keine Wissungen<\/em>, aber<\/p>\n<p class=\"Indent\" style=\"text-align: justify;\">&#8211; <em>der Umgang mit ihnen<\/em>;<\/p>\n<p class=\"Indent\" style=\"text-align: justify;\">\u00a0 &#8212; das Anwenden, Richtigstellen, Korrigieren oder \u00dcberformen;<\/p>\n<p class=\"Indent\" style=\"text-align: justify;\">\u00a0 &#8212; das Annehmen oder Ablehnen; das Glauben oder Bestreiten.<\/p>\n<p class=\"Indent\" style=\"text-align: justify;\"><em>All das kann und soll \u2013 wie mein ganzes Leben \u2013 wahr sein<\/em>;<\/p>\n<p class=\"Indent\" style=\"text-align: justify;\">&#8211; sowohl bei den richtigen<\/p>\n<p class=\"Indent\" style=\"text-align: justify;\">&#8211; als auch bei den falschen Wissungen.\u00a0\u00a0<\/p>\n<p>&nbsp;<\/p>\n<p style=\"text-align: justify;\">Mein Leben umfa\u00dft beispielsweise das Sagen, das bei den Zuh\u00f6rern Verstehungen bewirkt, die richtig oder falsch sein k\u00f6nnen, sich aber letztlich meiner Verf\u00fcgbarkeit entziehen.<\/p>\n<p class=\"Indent\" style=\"text-align: justify;\">Das Sagen kann nur in dem Ma\u00dfe wahr sein, wie ich versuche, dem gerecht zu werden.<em> Ein Sagen, das letztlich mi\u00dfverstanden werden mu\u00df, ist unwahr \u2013 auch bei einer richtigen Aussage<\/em>.<\/p>\n<p class=\"Indent\" style=\"text-align: justify;\">Es ist h\u00e4ufig unwahr, sie zu formulieren.<\/p>\n","protected":false},"excerpt":{"rendered":"<p>F\u00fcr Postmoderne gibt es weder Ideen noch Seiende. Traditionell besteht in der \u00dcbereinstimmung von diesen mit jenen oder in ihrer Entsprechung die Wahrheit. Konservativ Denkende glauben daher, der Postmoderne vorwerfen zu k\u00f6nnen, &#8211; bei ihr sei alles gleich-g\u00fcltig,\u00a0\u00a0 &#8211; sie kenne keine Wahrheit oder &#8211; fr\u00f6ne eine &#8222;Diktatur des Relativismus&#8220;.\u00a0 &nbsp; Ich betrachte diese Kritik [&hellip;]<\/p>\n","protected":false},"author":1,"featured_media":0,"parent":4114,"menu_order":3,"comment_status":"closed","ping_status":"closed","template":"","meta":{"footnotes":"","_links_to":"","_links_to_target":""},"class_list":["post-4424","page","type-page","status-publish","hentry"],"_links":{"self":[{"href":"https:\/\/www.soukup.de\/selbst-denken\/wp-json\/wp\/v2\/pages\/4424","targetHints":{"allow":["GET"]}}],"collection":[{"href":"https:\/\/www.soukup.de\/selbst-denken\/wp-json\/wp\/v2\/pages"}],"about":[{"href":"https:\/\/www.soukup.de\/selbst-denken\/wp-json\/wp\/v2\/types\/page"}],"author":[{"embeddable":true,"href":"https:\/\/www.soukup.de\/selbst-denken\/wp-json\/wp\/v2\/users\/1"}],"replies":[{"embeddable":true,"href":"https:\/\/www.soukup.de\/selbst-denken\/wp-json\/wp\/v2\/comments?post=4424"}],"version-history":[{"count":0,"href":"https:\/\/www.soukup.de\/selbst-denken\/wp-json\/wp\/v2\/pages\/4424\/revisions"}],"up":[{"embeddable":true,"href":"https:\/\/www.soukup.de\/selbst-denken\/wp-json\/wp\/v2\/pages\/4114"}],"wp:attachment":[{"href":"https:\/\/www.soukup.de\/selbst-denken\/wp-json\/wp\/v2\/media?parent=4424"}],"curies":[{"name":"wp","href":"https:\/\/api.w.org\/{rel}","templated":true}]}}